{"id":313,"date":"2025-11-23T06:17:12","date_gmt":"2025-11-23T06:17:12","guid":{"rendered":"https:\/\/desaliser.com\/?page_id=313"},"modified":"2025-11-25T11:57:44","modified_gmt":"2025-11-25T16:57:44","slug":"contactanos","status":"publish","type":"page","link":"https:\/\/desaliser.com\/index.php\/contactanos\/","title":{"rendered":"Cont\u00e1ctanos"},"content":{"rendered":"\t\t<div data-elementor-type=\"wp-page\" data-elementor-id=\"313\" class=\"elementor elementor-313\" data-elementor-post-type=\"page\">\n\t\t\t\t<div class=\"elementor-element elementor-element-3031a6e e-flex e-con-boxed e-con e-parent\" data-id=\"3031a6e\" data-element_type=\"container\" data-settings=\"{&quot;background_background&quot;:&quot;classic&quot;}\">\n\t\t\t\t\t<div class=\"e-con-inner\">\n\t\t<div class=\"elementor-element elementor-element-2437818 e-con-full e-flex e-con e-child\" data-id=\"2437818\" data-element_type=\"container\" data-settings=\"{&quot;background_background&quot;:&quot;classic&quot;}\">\n\t\t\t\t<div class=\"elementor-element elementor-element-0bbcf47 elementor-widget elementor-widget-heading\" data-id=\"0bbcf47\" data-element_type=\"widget\" data-widget_type=\"heading.default\">\n\t\t\t\t\t<h2 class=\"elementor-heading-title elementor-size-default\">Conecta con Desaliser<\/h2>\t\t\t\t<\/div>\n\t\t\t\t<\/div>\n\t\t\t\t\t<\/div>\n\t\t\t\t<\/div>\n\t\t<div class=\"elementor-element elementor-element-775f02f e-flex e-con-boxed elementor-invisible e-con e-parent\" data-id=\"775f02f\" data-element_type=\"container\" data-settings=\"{&quot;animation&quot;:&quot;fadeIn&quot;}\">\n\t\t\t\t\t<div class=\"e-con-inner\">\n\t\t<div class=\"elementor-element elementor-element-42462ca e-con-full e-flex e-con e-child\" data-id=\"42462ca\" data-element_type=\"container\">\n\t\t\t\t<div class=\"elementor-element elementor-element-98d1071 elementor-widget elementor-widget-wpforms\" data-id=\"98d1071\" data-element_type=\"widget\" data-widget_type=\"wpforms.default\">\n\t\t\t\t<div class=\"elementor-widget-container\">\n\t\t\t\t\t<div class=\"wpforms-container wpforms-container-full wpforms-render-modern\" id=\"wpforms-325\"><form id=\"wpforms-form-325\" class=\"wpforms-validate wpforms-form wpforms-ajax-form\" data-formid=\"325\" method=\"post\" enctype=\"multipart\/form-data\" action=\"\/index.php\/wp-json\/wp\/v2\/pages\/313\" data-token=\"2f5db8fc5e622eece60c7e64d3f26c72\" data-token-time=\"1777020112\"><noscript class=\"wpforms-error-noscript\">Please enable JavaScript in your browser to complete this form.<\/noscript><div id=\"wpforms-error-noscript\" style=\"display: none;\">Please enable JavaScript in your browser to complete this form.<\/div><div class=\"wpforms-field-container\"><div id=\"wpforms-325-field_1-container\" class=\"wpforms-field wpforms-field-name\" data-field-id=\"1\"><fieldset><legend class=\"wpforms-field-label\">Nombre y Apellido <span class=\"wpforms-required-label\" aria-hidden=\"true\">*<\/span><\/legend><div class=\"wpforms-field-row wpforms-field-medium\"><div class=\"wpforms-field-row-block wpforms-first wpforms-one-half\"><input type=\"text\" id=\"wpforms-325-field_1\" class=\"wpforms-field-name-first wpforms-field-required\" name=\"wpforms[fields][1][first]\" placeholder=\"Paolo\" aria-errormessage=\"wpforms-325-field_1-error\" required><label for=\"wpforms-325-field_1\" class=\"wpforms-field-sublabel after wpforms-sublabel-hide\">First<\/label><\/div><div class=\"wpforms-field-row-block wpforms-one-half\"><input type=\"text\" id=\"wpforms-325-field_1-last\" class=\"wpforms-field-name-last wpforms-field-required\" name=\"wpforms[fields][1][last]\" placeholder=\"Farf\u00e1n\" aria-errormessage=\"wpforms-325-field_1-last-error\" required><label for=\"wpforms-325-field_1-last\" class=\"wpforms-field-sublabel after wpforms-sublabel-hide\">Last<\/label><\/div><\/div><\/fieldset><\/div><div id=\"wpforms-325-field_4-container\" class=\"wpforms-field wpforms-field-email\" data-field-id=\"4\"><label class=\"wpforms-field-label\" for=\"wpforms-325-field_4\">Email <span class=\"wpforms-required-label\" aria-hidden=\"true\">*<\/span><\/label><input type=\"email\" id=\"wpforms-325-field_4\" class=\"wpforms-field-medium wpforms-field-required\" name=\"wpforms[fields][4]\" spellcheck=\"false\" aria-errormessage=\"wpforms-325-field_4-error\" required><\/div>\t\t<div id=\"wpforms-325-field_6-container\"\n\t\t\tclass=\"wpforms-field wpforms-field-text\"\n\t\t\tdata-field-type=\"text\"\n\t\t\tdata-field-id=\"6\"\n\t\t\t>\n\t\t\t<label class=\"wpforms-field-label\" for=\"wpforms-325-field_6\" >y \u00a1Cu\u00e9ntanos hoy?<\/label>\n\t\t\t<input type=\"text\" id=\"wpforms-325-field_6\" class=\"wpforms-field-medium\" name=\"wpforms[fields][6]\" >\n\t\t<\/div>\n\t\t<div id=\"wpforms-325-field_2-container\" class=\"wpforms-field wpforms-field-number\" data-field-id=\"2\"><label class=\"wpforms-field-label\" for=\"wpforms-325-field_2\">N\u00famero <span class=\"wpforms-required-label\" aria-hidden=\"true\">*<\/span><\/label><input type=\"number\" id=\"wpforms-325-field_2\" class=\"wpforms-field-medium wpforms-field-required\" name=\"wpforms[fields][2]\" step=\"any\" aria-errormessage=\"wpforms-325-field_2-error\" required><\/div><div id=\"wpforms-325-field_3-container\" class=\"wpforms-field wpforms-field-radio\" data-field-id=\"3\"><fieldset><legend class=\"wpforms-field-label\">\u00bfQu\u00e9 necesitas hoy? <span class=\"wpforms-required-label\" aria-hidden=\"true\">*<\/span><\/legend><ul id=\"wpforms-325-field_3\" class=\"wpforms-field-required\"><li class=\"choice-1 depth-1\"><input type=\"radio\" id=\"wpforms-325-field_3_1\" name=\"wpforms[fields][3]\" value=\"Accesorios para empaques\" aria-errormessage=\"wpforms-325-field_3_1-error\" required ><label class=\"wpforms-field-label-inline\" for=\"wpforms-325-field_3_1\">Accesorios para empaques<\/label><\/li><li class=\"choice-2 depth-1\"><input type=\"radio\" id=\"wpforms-325-field_3_2\" name=\"wpforms[fields][3]\" value=\"Indumentaria industrial\" aria-errormessage=\"wpforms-325-field_3_2-error\" required ><label class=\"wpforms-field-label-inline\" for=\"wpforms-325-field_3_2\">Indumentaria industrial<\/label><\/li><li class=\"choice-3 depth-1\"><input type=\"radio\" id=\"wpforms-325-field_3_3\" name=\"wpforms[fields][3]\" value=\"Servicio de colocaci\u00f3n de accesorios\" aria-errormessage=\"wpforms-325-field_3_3-error\" required ><label class=\"wpforms-field-label-inline\" for=\"wpforms-325-field_3_3\">Servicio de colocaci\u00f3n de accesorios<\/label><\/li><li class=\"choice-4 depth-1\"><input type=\"radio\" id=\"wpforms-325-field_3_4\" name=\"wpforms[fields][3]\" value=\"Empaques flexibles\" aria-errormessage=\"wpforms-325-field_3_4-error\" required ><label class=\"wpforms-field-label-inline\" for=\"wpforms-325-field_3_4\">Empaques flexibles<\/label><\/li><\/ul><\/fieldset><\/div><div id=\"wpforms-325-field_5-container\" class=\"wpforms-field wpforms-field-textarea\" data-field-id=\"5\"><label class=\"wpforms-field-label\" for=\"wpforms-325-field_5\">\u00a1Cu\u00e9ntanos m\u00e1s!<\/label><textarea id=\"wpforms-325-field_5\" class=\"wpforms-field-medium\" name=\"wpforms[fields][5]\" aria-errormessage=\"wpforms-325-field_5-error\" ><\/textarea><\/div><script>\n\t\t\t\t( function() {\n\t\t\t\t\tconst style = document.createElement( 'style' );\n\t\t\t\t\tstyle.appendChild( document.createTextNode( '#wpforms-325-field_6-container { position: absolute !important; overflow: hidden !important; display: inline !important; height: 1px !important; width: 1px !important; z-index: -1000 !important; padding: 0 !important; } #wpforms-325-field_6-container input { visibility: hidden; } #wpforms-conversational-form-page #wpforms-325-field_6-container label { counter-increment: none; }' ) );\n\t\t\t\t\tdocument.head.appendChild( style );\n\t\t\t\t\tdocument.currentScript?.remove();\n\t\t\t\t} )();\n\t\t\t<\/script><\/div><!-- .wpforms-field-container --><div class=\"wpforms-submit-container\" ><input type=\"hidden\" name=\"wpforms[id]\" value=\"325\"><input type=\"hidden\" name=\"page_title\" value=\"\"><input type=\"hidden\" name=\"page_url\" value=\"https:\/\/desaliser.com\/index.php\/wp-json\/wp\/v2\/pages\/313\"><input type=\"hidden\" name=\"url_referer\" value=\"\"><button type=\"submit\" name=\"wpforms[submit]\" id=\"wpforms-submit-325\" class=\"wpforms-submit\" data-alt-text=\"Enviando...\" data-submit-text=\"COTIZACI\u00d3N AHORA\" aria-live=\"assertive\" value=\"wpforms-submit\">COTIZACI\u00d3N AHORA<\/button><img decoding=\"async\" src=\"https:\/\/desaliser.com\/wp-content\/plugins\/wpforms\/assets\/images\/submit-spin.svg\" class=\"wpforms-submit-spinner\" style=\"display: none;\" width=\"26\" height=\"26\" alt=\"Loading\"><\/div><\/form><\/div>  <!-- .wpforms-container -->\t\t\t\t<\/div>\n\t\t\t\t<\/div>\n\t\t\t\t<\/div>\n\t\t<div class=\"elementor-element elementor-element-0068ca6 e-con-full elementor-hidden-mobile e-flex e-con e-child\" data-id=\"0068ca6\" data-element_type=\"container\">\n\t\t\t\t<div class=\"elementor-element elementor-element-6a12d1b elementor-widget elementor-widget-image\" data-id=\"6a12d1b\" data-element_type=\"widget\" data-widget_type=\"image.default\">\n\t\t\t\t\t\t\t\t\t\t\t\t\t\t\t<img fetchpriority=\"high\" decoding=\"async\" width=\"1280\" height=\"914\" src=\"https:\/\/desaliser.com\/wp-content\/uploads\/2025\/11\/office-9705279_1280.webp\" class=\"attachment-full size-full wp-image-350\" alt=\"\" srcset=\"https:\/\/desaliser.com\/wp-content\/uploads\/2025\/11\/office-9705279_1280.webp 1280w, https:\/\/desaliser.com\/wp-content\/uploads\/2025\/11\/office-9705279_1280-300x214.webp 300w, https:\/\/desaliser.com\/wp-content\/uploads\/2025\/11\/office-9705279_1280-1024x731.webp 1024w, https:\/\/desaliser.com\/wp-content\/uploads\/2025\/11\/office-9705279_1280-768x548.webp 768w, https:\/\/desaliser.com\/wp-content\/uploads\/2025\/11\/office-9705279_1280-600x428.webp 600w\" sizes=\"(max-width: 1280px) 100vw, 1280px\" \/>\t\t\t\t\t\t\t\t\t\t\t\t\t\t\t<\/div>\n\t\t\t\t<\/div>\n\t\t\t\t\t<\/div>\n\t\t\t\t<\/div>\n\t\t<div class=\"elementor-element elementor-element-d2828f0 e-flex e-con-boxed elementor-invisible e-con e-parent\" data-id=\"d2828f0\" data-element_type=\"container\" data-settings=\"{&quot;animation&quot;:&quot;fadeInUp&quot;}\">\n\t\t\t\t\t<div class=\"e-con-inner\">\n\t\t\t\t<div class=\"elementor-element elementor-element-f580487 elementor-widget elementor-widget-google_maps\" data-id=\"f580487\" data-element_type=\"widget\" data-widget_type=\"google_maps.default\">\n\t\t\t\t\t\t\t<div class=\"elementor-custom-embed\">\n\t\t\t<iframe loading=\"lazy\"\n\t\t\t\t\tsrc=\"https:\/\/maps.google.com\/maps?q=San%20juan%20de%20lurigancho&#038;t=m&#038;z=11&#038;output=embed&#038;iwloc=near\"\n\t\t\t\t\ttitle=\"San juan de lurigancho\"\n\t\t\t\t\taria-label=\"San juan de lurigancho\"\n\t\t\t><\/iframe>\n\t\t<\/div>\n\t\t\t\t\t\t<\/div>\n\t\t\t\t\t<\/div>\n\t\t\t\t<\/div>\n\t\t\t\t<\/div>\n\t\t","protected":false},"excerpt":{"rendered":"<p>Conecta con Desaliser Please enable JavaScript in your browser to complete this form.Please enable JavaScript in your browser to complete this form. Nombre y Apellido * FirstLast Email *N\u00famero * \u00bfQu\u00e9 necesitas hoy? * Accesorios para empaques Indumentaria industrial Servicio de colocaci\u00f3n de accesorios Empaques flexibles \u00a1Cu\u00e9ntanos m\u00e1s! COTIZACI\u00d3N AHORA<\/p>\n","protected":false},"author":1,"featured_media":0,"parent":0,"menu_order":0,"comment_status":"closed","ping_status":"closed","template":"elementor_header_footer","meta":{"_acf_changed":false,"footnotes":""},"class_list":["post-313","page","type-page","status-publish","hentry"],"acf":[],"_links":{"self":[{"href":"https:\/\/desaliser.com\/index.php\/wp-json\/wp\/v2\/pages\/313","targetHints":{"allow":["GET"]}}],"collection":[{"href":"https:\/\/desaliser.com\/index.php\/wp-json\/wp\/v2\/pages"}],"about":[{"href":"https:\/\/desaliser.com\/index.php\/wp-json\/wp\/v2\/types\/page"}],"author":[{"embeddable":true,"href":"https:\/\/desaliser.com\/index.php\/wp-json\/wp\/v2\/users\/1"}],"replies":[{"embeddable":true,"href":"https:\/\/desaliser.com\/index.php\/wp-json\/wp\/v2\/comments?post=313"}],"version-history":[{"count":37,"href":"https:\/\/desaliser.com\/index.php\/wp-json\/wp\/v2\/pages\/313\/revisions"}],"predecessor-version":[{"id":658,"href":"https:\/\/desaliser.com\/index.php\/wp-json\/wp\/v2\/pages\/313\/revisions\/658"}],"wp:attachment":[{"href":"https:\/\/desaliser.com\/index.php\/wp-json\/wp\/v2\/media?parent=313"}],"curies":[{"name":"wp","href":"https:\/\/api.w.org\/{rel}","templated":true}]}}